{"id":25,"date":"2017-03-02T18:39:41","date_gmt":"2017-03-03T00:39:41","guid":{"rendered":"http:\/\/galeriatierraquemada.com\/en\/?page_id=25"},"modified":"2017-03-03T09:43:53","modified_gmt":"2017-03-03T15:43:53","slug":"vicente-hernandez","status":"publish","type":"page","link":"https:\/\/galeriatierraquemada.com\/en\/vicente-hernandez\/","title":{"rendered":"Vicente Hern\u00e1ndez"},"content":{"rendered":"<p><img decoding=\"async\" loading=\"lazy\" class=\"alignleft wp-image-368 size-medium\" src=\"http:\/\/galeriatierraquemada.com\/wp-content\/uploads\/2013\/07\/maestro_vicente_hernandez-300x200.jpg\" alt=\"maestro_vicente_hernandez\" width=\"300\" height=\"200\" \/>La pasi\u00f3n y el amor por el arte de la cer\u00e1mica, ha moldeado el destino del <strong><em>Maestro Vicente Hern\u00e1ndez<\/em><\/strong>. Desde tierna edad ha contemplado frente a s\u00ed, el nacimiento de inn\u00fameras piezas, creadas desde una nada sin forma, templadas bajo los rigores del tiempo, la temperatura y la presi\u00f3n. Decoradas con los motivos del alma de \u00e9ste noble ceramista mixteco para finalmente ser convertidas en laureadas piezas de colecci\u00f3n.<\/p>\n<p>Maestro del torno, del barro, del horno, en fin&#8230;. Maestro de la vida.<\/p>\n<p>&nbsp;<\/p>\n<p>&nbsp;<\/p>\n<p>&nbsp;<\/p>\n<p>&nbsp;<\/p>\n<p>&nbsp;<\/p>\n<p>&nbsp;<\/p>\n<p>&nbsp;<\/p>\n<p>&nbsp;<\/p>\n<p>&nbsp;<\/p>\n<p>&nbsp;<\/p>\n<p>&nbsp;<\/p>\n<p>&nbsp;<\/p>\n<p>&nbsp;<\/p>\n<p>&nbsp;<\/p>\n<p>&nbsp;<\/p>\n","protected":false},"excerpt":{"rendered":"<p>La pasi\u00f3n y el amor por el arte de la cer\u00e1mica, ha moldeado el destino del Maestro Vicente Hern\u00e1ndez. Desde tierna edad ha contemplado frente a s\u00ed, el nacimiento de inn\u00fameras piezas, creadas desde una nada sin forma, templadas bajo &hellip; <a href=\"https:\/\/galeriatierraquemada.com\/en\/vicente-hernandez\/\">Continued<\/a><\/p>\n","protected":false},"author":2,"featured_media":0,"parent":0,"menu_order":0,"comment_status":"closed","ping_status":"closed","template":"","meta":[],"_links":{"self":[{"href":"https:\/\/galeriatierraquemada.com\/en\/wp-json\/wp\/v2\/pages\/25"}],"collection":[{"href":"https:\/\/galeriatierraquemada.com\/en\/wp-json\/wp\/v2\/pages"}],"about":[{"href":"https:\/\/galeriatierraquemada.com\/en\/wp-json\/wp\/v2\/types\/page"}],"author":[{"embeddable":true,"href":"https:\/\/galeriatierraquemada.com\/en\/wp-json\/wp\/v2\/users\/2"}],"replies":[{"embeddable":true,"href":"https:\/\/galeriatierraquemada.com\/en\/wp-json\/wp\/v2\/comments?post=25"}],"version-history":[{"count":2,"href":"https:\/\/galeriatierraquemada.com\/en\/wp-json\/wp\/v2\/pages\/25\/revisions"}],"predecessor-version":[{"id":55,"href":"https:\/\/galeriatierraquemada.com\/en\/wp-json\/wp\/v2\/pages\/25\/revisions\/55"}],"wp:attachment":[{"href":"https:\/\/galeriatierraquemada.com\/en\/wp-json\/wp\/v2\/media?parent=25"}],"curies":[{"name":"wp","href":"https:\/\/api.w.org\/{rel}","templated":true}]}}